{"id":90,"date":"2019-01-11T21:10:25","date_gmt":"2019-01-11T21:10:25","guid":{"rendered":"https:\/\/www.dsngrid.com\/cuby\/?page_id=90"},"modified":"2023-07-03T23:31:09","modified_gmt":"2023-07-03T23:31:09","slug":"about","status":"publish","type":"page","link":"https:\/\/poisonfintech.com\/tr\/about\/","title":{"rendered":"Hakk\u0131m\u0131zda"},"content":{"rendered":"<section class=\"about section-padding pb-0\" data-aos=\"fade-up\">\r\n    <div class=\"container\">\r\n        <div class=\"row\">\r\n            <div class=\"col-lg-4 offset-lg-1\">\r\n                <div class=\"title-box\">\r\n                    <h3>Hakk\u0131m\u0131zda<\/h3>\r\n<!--                    <div class=\"lineStagger\"><\/div>-->\r\n                <\/div>\r\n            <\/div>\r\n            <div class=\"col-lg-6\">\r\n                <div class=\"about-info\">\r\n\t\t\t\t\t<h4 class=\"mb-30\">Poison Finansal Teknolojiler'e Ho\u015fgeldiniz.!<\/h4><p class=\"p-intro p-intro-small mb-0\">Biz, s\u00fcrekli geli\u015fen finans d\u00fcnyas\u0131nda yenilik\u00e7i \u00e7\u00f6z\u00fcmler ve hizmetler sunmaya adanm\u0131\u015f ileri teknoloji bir finansal teknoloji \u015firketiyiz.<\/p>\n<p>Poison Financial Technologies olarak, bireylerin ve i\u015fletmelerin finansal i\u015flerini etkili bir \u015fekilde y\u00f6netme konusunda kar\u015f\u0131la\u015ft\u0131klar\u0131 zorluklar\u0131 anl\u0131yoruz. Uzmanl\u0131\u011f\u0131m\u0131z ve teknolojik yeteneklerimizle, m\u00fc\u015fterilerimize bilin\u00e7li finansal kararlar almalar\u0131 i\u00e7in ihtiya\u00e7 duyduklar\u0131 ara\u00e7lar ve bilgiyi sa\u011flamay\u0131 hedefliyoruz.<\/p>\n<p>Deneyimli profesyonellerden olu\u015fan ekibimiz, finans sekt\u00f6r\u00fcn\u00fc devrimle\u015ftirmek i\u00e7in teknolojiden faydalanma konusundaki ortak tutkuya sahiptir. Finans alan\u0131ndaki derin bilgimizi ileri teknolojik \u00e7\u00f6z\u00fcmlerle birle\u015ftirerek, m\u00fc\u015fterilerimizin benzersiz ihtiya\u00e7lar\u0131n\u0131 kar\u015f\u0131layan \u00f6zel hizmetler sunuyoruz.<\/p>\n<p>M\u00fc\u015fteri odakl\u0131 bir \u015firket olarak, sa\u011flam ve kal\u0131c\u0131 ili\u015fkiler kurmay\u0131 \u00f6nceliklendiriyoruz. \u0130\u015fbirli\u011fine inan\u0131yor ve m\u00fc\u015fterilerimizle yak\u0131n bir \u015fekilde \u00e7al\u0131\u015farak, hedeflerini ve ama\u00e7lar\u0131n\u0131 anlamak i\u00e7in \u00e7aba sarf ediyoruz. Ba\u015far\u0131y\u0131 destekleyen ki\u015fiselle\u015ftirilmi\u015f \u00e7\u00f6z\u00fcmler sunuyoruz.<\/p>\n<p>M\u00fckemmeliyet, g\u00fcvenlik ve gizlilik ilkesiyle, m\u00fc\u015fterilerimizin finansal verilerini her zaman koruma alt\u0131na al\u0131yoruz. En y\u00fcksek end\u00fcstri standartlar\u0131na uymakta ve hassas bilgileri korumak i\u00e7in s\u00fcrekli olarak en son g\u00fcvenlik \u00f6nlemlerine yat\u0131r\u0131m yapmaktay\u0131z.<\/p>\n<p>Poison Financial Technologies olarak, s\u00fcrekli olarak yenilik pe\u015finde ko\u015ftu\u011fumuzdan gurur duyuyoruz. Teknolojik geli\u015fmelerin \u00f6n\u00fcnde olmak i\u00e7in s\u00fcrekli olarak yeni yollar ve \u00e7\u00f6z\u00fcmler ara\u015ft\u0131r\u0131yoruz. Amac\u0131m\u0131z, bireylere ve i\u015fletmelere finansal alanda g\u00fcvenle ve kolayl\u0131kla yol alabilmeleri i\u00e7in g\u00fc\u00e7 vermek.<\/p>\n<p>Poison Financial Technologies'\u0131 tercih etti\u011finiz i\u00e7in te\u015fekk\u00fcr ederiz. Finansal yolculu\u011funuzda sizinle ortakl\u0131k yapmay\u0131 ve ola\u011fan\u00fcst\u00fc sonu\u00e7lar sunmay\u0131 d\u00f6rt g\u00f6zle bekliyoruz.<\/p>\r\n                <\/div>\r\n            <\/div>\r\n\r\n        <\/div>\r\n    <\/div>\r\n<\/section>\n\r\n\r\n\r\n\t        <div class=\"content-block section-padding pb-0\" data-aos=\"fade-up\">\r\n            <div class=\"container\">\r\n                <div class=\"row\">\r\n                    <div class=\"col-12\">\r\n                        <div class=\"dsn-image\">\r\n\t\t\t\t\t\t\t<img loading=\"lazy\" decoding=\"async\" width=\"1600\" height=\"834\" src=\"https:\/\/poisonfintech.com\/wp-content\/uploads\/2023\/06\/WhatsApp-Image-2023-06-29-at-03.04.27.jpeg\" class=\"attachment-full size-full\" alt=\"\" srcset=\"https:\/\/poisonfintech.com\/wp-content\/uploads\/2023\/06\/WhatsApp-Image-2023-06-29-at-03.04.27.jpeg 1600w, https:\/\/poisonfintech.com\/wp-content\/uploads\/2023\/06\/WhatsApp-Image-2023-06-29-at-03.04.27-300x156.jpeg 300w, https:\/\/poisonfintech.com\/wp-content\/uploads\/2023\/06\/WhatsApp-Image-2023-06-29-at-03.04.27-1024x534.jpeg 1024w, https:\/\/poisonfintech.com\/wp-content\/uploads\/2023\/06\/WhatsApp-Image-2023-06-29-at-03.04.27-768x400.jpeg 768w, https:\/\/poisonfintech.com\/wp-content\/uploads\/2023\/06\/WhatsApp-Image-2023-06-29-at-03.04.27-1536x801.jpeg 1536w\" sizes=\"auto, (max-width: 1600px) 100vw, 1600px\" \/>                        <\/div>\r\n                    <\/div>\r\n                <\/div>\r\n            <\/div>\r\n        <\/div>\r\n\t\r\n\r\n\r\n\n    <section class=\"services section-padding pb-0\" data-aos=\"fade-up\">\r\n        <div class=\"container\">\r\n            <div class=\"row\">\r\n                <div class=\"col-lg-4 offset-lg-1\">\r\n                    <div class=\"title-box\">\r\n                        <h3>Neler Yap\u0131yoruz?<\/h3>\r\n                    <\/div>\r\n                <\/div>\r\n            <\/div>\r\n            <div class=\"row\">\r\n                <div class=\"col-lg-10 offset-lg-1\" data-aos=\"fade-up\">\r\n                    <div class=\"row\">\r\n\r\n\t\t\t\t\t\t\r\n\r\n                            <div class=\"col-lg-6\">\r\n                                <div class=\"services-item mb-0  post-101 cuby_service type-cuby_service status-publish hentry\" data-aos=\"fade-up\">\r\n                                    <h4 class=\"subtitle\">\r\n                                        <i class=\"fa fa-desktop\"><\/i>\r\n\t\t\t\t\t\t\t\t\t\tWE SPEC\u0130AL\u0130ZE \u0130N DES\u0130GN\u0130NG SMART AND USER-FR\u0130ENDLY \u0130NTERFACES                                    <\/h4>\r\n                                    <p class=\"services-text\">Aray\u00fcz tasar\u0131m\u0131nda en b\u00fcy\u00fck \u00f6nceli\u011fimiz, kullan\u0131c\u0131lar\u0131n kolayca etkile\u015fim kurabilecekleri ve bilgileri kavrayabilecekleri bir ortam yaratmakt\u0131r. Kullan\u0131c\u0131 dostu aray\u00fczlerimiz, karma\u015f\u0131k finansal verileri basit ve eri\u015filebilir bir \u015fekilde sunar. Bu, m\u00fc\u015fterilerimizin herhangi bir zorlukla kar\u015f\u0131la\u015fmadan finansal i\u015flemleri verimli bir \u015fekilde y\u00f6netmelerini sa\u011flar.<\/p>\r\n                                <\/div>\r\n                            <\/div>\r\n\r\n\t\t\t\t\t\t\r\n\r\n                            <div class=\"col-lg-6\">\r\n                                <div class=\"services-item mb-0  post-99 cuby_service type-cuby_service status-publish hentry\" data-aos=\"fade-up\">\r\n                                    <h4 class=\"subtitle\">\r\n                                        <i class=\"fas fa-cogs\"><\/i>\r\n\t\t\t\t\t\t\t\t\t\tMAXIMUM EFFICIENT ARBITRAGING SOFTWARE WITH HIGH PRECISION OPTIMIZATION                                    <\/h4>\r\n                                    <p class=\"services-text\">Geli\u015fmi\u015f Arbitraj Yaz\u0131l\u0131mlar\u0131m\u0131z, \u00e7e\u015fitli finansal ara\u00e7lardaki fiyat tutars\u0131zl\u0131klar\u0131n\u0131 ve verimsizlikleri belirlemek i\u00e7in geli\u015fmi\u015f algoritmalar ve makine \u00f6\u011frenimi teknikleri kullan\u0131r. Bu f\u0131rsatlardan yararlanarak, yat\u0131r\u0131mc\u0131lar\u0131m\u0131z riskleri en aza indirirken karl\u0131 i\u015flemler ger\u00e7ekle\u015ftirebilirler. Yaz\u0131l\u0131m\u0131m\u0131z, potansiyel arbitraj f\u0131rsatlar\u0131n\u0131 ara\u015ft\u0131rarak ve yat\u0131r\u0131mc\u0131lar\u0131 harekete ge\u00e7meleri i\u00e7in uyararak s\u00fcrekli olarak piyasay\u0131 tarar.<\/p>\r\n                                <\/div>\r\n                            <\/div>\r\n\r\n\t\t\t\t\t\t\r\n\r\n                            <div class=\"col-lg-6\">\r\n                                <div class=\"services-item mb-0 mt-70 post-98 cuby_service type-cuby_service status-publish hentry\" data-aos=\"fade-up\">\r\n                                    <h4 class=\"subtitle\">\r\n                                        <i class=\"fa fa-mobile\"><\/i>\r\n\t\t\t\t\t\t\t\t\t\tCREATING AND NEW CONTINUOUS UPDATED SYSTEMS WITH ARTIFICIAL INTELLIGENCE AND MACHINE LEARNING                                    <\/h4>\r\n                                    <p class=\"services-text\">Yapay zeka ve makine \u00f6\u011frenimiyle, geleneksel y\u00f6ntemlere g\u00f6re \u00e7ok daha h\u0131zl\u0131 ve etkili bir \u015fekilde finansal algoritmalar geli\u015ftirebiliriz. S\u00fcrekli g\u00fcncellenen sistemlerimiz, piyasadaki de\u011fi\u015fikliklere h\u0131zl\u0131 bir \u015fekilde tepki verir ve optimize edilmi\u015f \u00e7\u00f6z\u00fcmler sunar. Bu sayede m\u00fc\u015fterilerimiz, rekabet\u00e7i bir avantaj elde eder ve daha iyi yat\u0131r\u0131m kararlar\u0131 alabilirler.<\/p>\r\n                                <\/div>\r\n                            <\/div>\r\n\r\n\t\t\t\t\t\t\r\n\r\n                            <div class=\"col-lg-6\">\r\n                                <div class=\"services-item mb-0 mt-70 post-100 cuby_service type-cuby_service status-publish hentry\" data-aos=\"fade-up\">\r\n                                    <h4 class=\"subtitle\">\r\n                                        <i class=\"fas fa-code\"><\/i>\r\n\t\t\t\t\t\t\t\t\t\tOUR ADVANCED CODING AND FINANCE MARKET EXPERIENCE                                    <\/h4>\r\n                                    <p class=\"services-text\">Y\u00fcksek h\u0131zda veri analizi yapabilme yetene\u011fimiz sayesinde, piyasalardaki anl\u0131k de\u011fi\u015fimleri yakalayabiliyor ve h\u0131zl\u0131 bir \u015fekilde tepki verebiliyoruz. M\u00fc\u015fterilerimize sundu\u011fumuz karl\u0131 sistemler, geli\u015fmi\u015f kodlama ve finansal bilgimizin birle\u015fimiyle optimize edilmi\u015ftir. Bu sistemler, m\u00fc\u015fterilerimizin risk tolerans\u0131na ve hedeflerine uygun \u015fekilde tasarlan\u0131r.<\/p>\r\n                                <\/div>\r\n                            <\/div>\r\n\r\n\t\t\t\t\t\t\r\n                    <\/div>\r\n                <\/div>\r\n\r\n            <\/div>\r\n        <\/div>\r\n    <\/section>","protected":false},"excerpt":{"rendered":"","protected":false},"author":1,"featured_media":726,"parent":0,"menu_order":1,"comment_status":"closed","ping_status":"closed","template":"page-about.php","meta":{"footnotes":""},"class_list":["post-90","page","type-page","status-publish","has-post-thumbnail","hentry"],"acf":[],"_links":{"self":[{"href":"https:\/\/poisonfintech.com\/tr\/wp-json\/wp\/v2\/pages\/90","targetHints":{"allow":["GET"]}}],"collection":[{"href":"https:\/\/poisonfintech.com\/tr\/wp-json\/wp\/v2\/pages"}],"about":[{"href":"https:\/\/poisonfintech.com\/tr\/wp-json\/wp\/v2\/types\/page"}],"author":[{"embeddable":true,"href":"https:\/\/poisonfintech.com\/tr\/wp-json\/wp\/v2\/users\/1"}],"replies":[{"embeddable":true,"href":"https:\/\/poisonfintech.com\/tr\/wp-json\/wp\/v2\/comments?post=90"}],"version-history":[{"count":4,"href":"https:\/\/poisonfintech.com\/tr\/wp-json\/wp\/v2\/pages\/90\/revisions"}],"predecessor-version":[{"id":725,"href":"https:\/\/poisonfintech.com\/tr\/wp-json\/wp\/v2\/pages\/90\/revisions\/725"}],"wp:featuredmedia":[{"embeddable":true,"href":"https:\/\/poisonfintech.com\/tr\/wp-json\/wp\/v2\/media\/726"}],"wp:attachment":[{"href":"https:\/\/poisonfintech.com\/tr\/wp-json\/wp\/v2\/media?parent=90"}],"curies":[{"name":"wp","href":"https:\/\/api.w.org\/{rel}","templated":true}]}}